{"id":358,"date":"2016-10-14T13:35:37","date_gmt":"2016-10-14T11:35:37","guid":{"rendered":"http:\/\/xn--von-der-muse-geksst-lbc.de\/?page_id=358"},"modified":"2016-10-20T15:46:38","modified_gmt":"2016-10-20T13:46:38","slug":"grid-girls-race-queens","status":"publish","type":"page","link":"http:\/\/www.musenkuesse.com\/?page_id=358","title":{"rendered":"Grid-Girls &#038; Race-Queens"},"content":{"rendered":"<p>Motorsport fasziniert viele Menschen. Schnelle Autos, Motorengedr\u00f6hn, waghalsige \u00dcberholman\u00f6ver, rasante Reifen-an-Reifen-Duelle, quietschende Bremsen &#8211; all das lockt jedes Jahr zahlreiche Zuschauer an die Rennstrecken dieser Welt. Logisch, da\u00df Rennsportveranstaltungen auch die ideale Werbeplattform sind. Viele Unternehmen sponsern Rennteams und -Fahrer.<\/p>\n<p>Um die eigene Marke auch sch\u00f6n zur Geltung zu bringen, wurden die Grid-Girls (auch h\u00e4ufig als Pit-Girls, Umbrella-Girls, Race-Queens oder Paddock-Girls bezeichnet) erschaffen.<\/p>\n<p>F\u00fcr den Laien: das sind junge Frauen, meist Studentinnen, die in der Startaufstellung den jeweiligen Fahrer oder das Team und in knappen Kost\u00fcmen meist auch gleich den Sponsor des Teams oder der\u00a0 Veranstaltung pr\u00e4sentieren.<\/p>\n<p>W\u00e4hrend in Europa schon mal der abwertende Begriff &#8222;Boxenluder&#8220; f\u00e4llt, sind beispielsweise in Japan die Race-Queens hochangesehen als Unterst\u00fctzerinnen der jeweiligen Rennveranstalter.<\/p>\n<p>Neben den eigentlichen Hauptakteuren, den Fahrern, und manchmal auch den M\u00f6chtegern-Promis sind die Grid-Girls meist <span style=\"text-decoration: underline;\">der<\/span> Hingucker in der Startaufstellung und beliebte Fotoobjekte f\u00fcr Fotografen, VIPs, Veranstalter und Organisatoren sowie den Motorsport-Fans.<\/p>\n<p>Nicht selten trifft man die Grid-Girls auch beim Gang durch das Fahrerlager. Bei den Rennen des Deutschen Tourenwagen Masters (DTM) gibt es an den Rennwochenenden sogar regelm\u00e4\u00dfige Fotoshootings, bei denen sich die Motorsportfans mit den M\u00e4dels fotografieren lassen k\u00f6nnen.<\/p>\n<p>Dass der Begriff &#8222;Boxenluder&#8220; v\u00f6llig fehl am Platze ist, merkt man sp\u00e4testens dann, wenn man mit den Grid-Girls ins Gespr\u00e4ch kommt. Die meisten studieren und verdienen sich mit dem Job als Grid-Girl was dazu. Und nicht jede hat K\u00f6rbchengr\u00f6\u00dfe DD.<\/p>\n<p>Hier zwei Berichte, was es bedeutet, ein Grid-Girl zu sein:<\/p>\n<p>&#8211; <a href=\"http:\/\/blog.thoralf.de\/?p=379\" target=\"_blank\">\u201eDas Schlimmste ist das lange Stehen\u201c \u2013 Ein Blick hinter die Kulissen eines Rennwochenendes am Lausitzring<\/a><br \/>\n&#8211; <a href=\"http:\/\/blog.thoralf.de\/?p=75\" target=\"_blank\">Models und Motoren \u2013 Gesehen und geh\u00f6rt auf dem Lausitzring beim ADAC-GT-Masters-Weekend<\/a><\/p>\n<p>Auf den nachfolgenden Unterseiten pr\u00e4sentiere ich Euch einige der Grid-Girls, die ich beim Besuch diverser Motorsportveranstaltungen fotografieren durfte.<\/p>\n","protected":false},"excerpt":{"rendered":"<p>Motorsport fasziniert viele Menschen. Schnelle Autos, Motorengedr\u00f6hn, waghalsige \u00dcberholman\u00f6ver, rasante Reifen-an-Reifen-Duelle, quietschende Bremsen &#8211; all das lockt jedes Jahr zahlreiche Zuschauer an die Rennstrecken dieser Welt. Logisch, da\u00df Rennsportveranstaltungen auch die ideale Werbeplattform sind. Viele Unternehmen sponsern Rennteams und -Fahrer. Um die eigene Marke auch sch\u00f6n zur Geltung zu bringen, wurden die Grid-Girls (auch h\u00e4ufig als Pit-Girls, Umbrella-Girls, Race-Queens oder [&hellip;]<\/p>\n","protected":false},"author":1,"featured_media":0,"parent":160,"menu_order":3,"comment_status":"closed","ping_status":"closed","template":"","meta":[],"_links":{"self":[{"href":"http:\/\/www.musenkuesse.com\/index.php?rest_route=\/wp\/v2\/pages\/358"}],"collection":[{"href":"http:\/\/www.musenkuesse.com\/index.php?rest_route=\/wp\/v2\/pages"}],"about":[{"href":"http:\/\/www.musenkuesse.com\/index.php?rest_route=\/wp\/v2\/types\/page"}],"author":[{"embeddable":true,"href":"http:\/\/www.musenkuesse.com\/index.php?rest_route=\/wp\/v2\/users\/1"}],"replies":[{"embeddable":true,"href":"http:\/\/www.musenkuesse.com\/index.php?rest_route=%2Fwp%2Fv2%2Fcomments&post=358"}],"version-history":[{"count":6,"href":"http:\/\/www.musenkuesse.com\/index.php?rest_route=\/wp\/v2\/pages\/358\/revisions"}],"predecessor-version":[{"id":409,"href":"http:\/\/www.musenkuesse.com\/index.php?rest_route=\/wp\/v2\/pages\/358\/revisions\/409"}],"up":[{"embeddable":true,"href":"http:\/\/www.musenkuesse.com\/index.php?rest_route=\/wp\/v2\/pages\/160"}],"wp:attachment":[{"href":"http:\/\/www.musenkuesse.com\/index.php?rest_route=%2Fwp%2Fv2%2Fmedia&parent=358"}],"curies":[{"name":"wp","href":"https:\/\/api.w.org\/{rel}","templated":true}]}}