{"id":212,"date":"2016-06-28T16:06:38","date_gmt":"2016-06-28T14:06:38","guid":{"rendered":"http:\/\/xn--von-der-muse-geksst-lbc.de\/?page_id=212"},"modified":"2016-06-30T14:03:08","modified_gmt":"2016-06-30T12:03:08","slug":"denise","status":"publish","type":"page","link":"http:\/\/www.musenkuesse.com\/?page_id=212","title":{"rendered":"Setcard Denise"},"content":{"rendered":"<p style=\"text-align: left;\">Jahrgang 1998<img decoding=\"async\" loading=\"lazy\" class=\"alignright wp-image-214 size-full\" src=\"http:\/\/xn--von-der-muse-geksst-lbc.de\/wp-content\/uploads\/2016\/06\/2016-01-02__Denise_c-Thori.jpg\" alt=\"Fotoshooting mit Denise Sch\u00f6nfeld\" width=\"422\" height=\"600\" srcset=\"http:\/\/www.musenkuesse.com\/wp-content\/uploads\/2016\/06\/2016-01-02__Denise_c-Thori.jpg 422w, http:\/\/www.musenkuesse.com\/wp-content\/uploads\/2016\/06\/2016-01-02__Denise_c-Thori-211x300.jpg 211w\" sizes=\"(max-width: 422px) 100vw, 422px\" \/><\/p>\n<p>K\u00f6rpergr\u00f6\u00dfe: 163cm<br \/>\nGewicht: 54 kg<\/p>\n<p>K\u00f6rperma\u00dfe: 90cm \u00b7 70cm \u00b7 89cm<\/p>\n<p>BH: 75 C<br \/>\nKleidergr\u00f6\u00dfe: 36 (S)<br \/>\nSchuhgr\u00f6\u00dfe: 37\/38<\/p>\n<p>Haare: Dunkelbraun, Lang<br \/>\nAugenfarbe: Braun<br \/>\nAussehen: Europ\u00e4isch<br \/>\nHautfarbe: Hell<\/p>\n<p>Tattoos: Keine<br \/>\nPiercings: Keine<\/p>\n<p>Aufnahmebereiche:<\/p>\n<ul>\n<li>Portr\u00e4t<\/li>\n<li>Fashion<\/li>\n<li>Bademode<\/li>\n<li>Dessous<\/li>\n<li>Lifestyle<\/li>\n<li>Theater, Film<\/li>\n<li>Tanz<\/li>\n<li>Laufsteg<\/li>\n<\/ul>\n<p>Denise kann als Fotomodel gebucht werden. Anfragen \u00fcber <a href=\"mailto: denise@musenk\u00fcsse.de\">denise@musenk\u00fcsse.de<\/a>!<\/p>\n","protected":false},"excerpt":{"rendered":"<p>Jahrgang 1998 K\u00f6rpergr\u00f6\u00dfe: 163cm Gewicht: 54 kg K\u00f6rperma\u00dfe: 90cm \u00b7 70cm \u00b7 89cm BH: 75 C Kleidergr\u00f6\u00dfe: 36 (S) Schuhgr\u00f6\u00dfe: 37\/38 Haare: Dunkelbraun, Lang Augenfarbe: Braun Aussehen: Europ\u00e4isch Hautfarbe: Hell Tattoos: Keine Piercings: Keine Aufnahmebereiche: Portr\u00e4t Fashion Bademode Dessous Lifestyle Theater, Film Tanz Laufsteg Denise kann als Fotomodel gebucht werden. Anfragen \u00fcber denise@musenk\u00fcsse.de!<\/p>\n","protected":false},"author":1,"featured_media":0,"parent":14,"menu_order":2,"comment_status":"closed","ping_status":"closed","template":"","meta":[],"_links":{"self":[{"href":"http:\/\/www.musenkuesse.com\/index.php?rest_route=\/wp\/v2\/pages\/212"}],"collection":[{"href":"http:\/\/www.musenkuesse.com\/index.php?rest_route=\/wp\/v2\/pages"}],"about":[{"href":"http:\/\/www.musenkuesse.com\/index.php?rest_route=\/wp\/v2\/types\/page"}],"author":[{"embeddable":true,"href":"http:\/\/www.musenkuesse.com\/index.php?rest_route=\/wp\/v2\/users\/1"}],"replies":[{"embeddable":true,"href":"http:\/\/www.musenkuesse.com\/index.php?rest_route=%2Fwp%2Fv2%2Fcomments&post=212"}],"version-history":[{"count":8,"href":"http:\/\/www.musenkuesse.com\/index.php?rest_route=\/wp\/v2\/pages\/212\/revisions"}],"predecessor-version":[{"id":229,"href":"http:\/\/www.musenkuesse.com\/index.php?rest_route=\/wp\/v2\/pages\/212\/revisions\/229"}],"up":[{"embeddable":true,"href":"http:\/\/www.musenkuesse.com\/index.php?rest_route=\/wp\/v2\/pages\/14"}],"wp:attachment":[{"href":"http:\/\/www.musenkuesse.com\/index.php?rest_route=%2Fwp%2Fv2%2Fmedia&parent=212"}],"curies":[{"name":"wp","href":"https:\/\/api.w.org\/{rel}","templated":true}]}}