{"id":185,"date":"2016-06-27T15:53:01","date_gmt":"2016-06-27T13:53:01","guid":{"rendered":"http:\/\/xn--von-der-muse-geksst-lbc.de\/?page_id=185"},"modified":"2020-03-04T11:23:10","modified_gmt":"2020-03-04T10:23:10","slug":"2-ideen-und-die-folgen","status":"publish","type":"page","link":"http:\/\/www.musenkuesse.com\/?page_id=185","title":{"rendered":"2 Ideen und die Folgen"},"content":{"rendered":"<p>W\u00e4hrend eines Spielenachmittages im Freundeskreis machte Denise eine ironisch gemeinte \u00c4u\u00dferung (die privat und deshalb auch nicht f\u00fcr die \u00d6ffentlichkeit ist) \u00fcber ihren Stand in der Familie. Das brachte uns auf die Idee, genau diese \u00c4u\u00dferung einmal bildlich darzustellen.<\/p>\n<p>In Folge dessen bekam Denise beim n\u00e4chsten Shooting einen Edelstahl-Halsreif umgelegt und wurde damit irgendwo angekettet.<\/p>\n<p>Weil der Halsreif irgendwie auch ein wenig elegant wirkte, brachte uns das wiederum auf die Idee, zuk\u00fcnftig statt irgendwelcher Halskettchen, bunten T\u00fcchern oder Schals immer den Halsreif als Blickfang zu verwenden.<\/p>\n<p>Nun hat so ein Halsreif, zumal er noch abschlie\u00dfbar ist, in gewissen (Insider-)Kreisen eine ganz spezielle Bedeutung. Uns war von Anfang an bewu\u00dft, da\u00df der Anblick eines jungen M\u00e4dchens mit einem verschlossenen Stahlring um den Hals Anla\u00df zu Spekulationen und Nachfragen geben wird. Inzwischen haben wir uns daran gew\u00f6hnt und ziehen das jetzt durch! Mehr noch, vielleicht gelingt es uns ja, durch die Idee und die ganze Aufregung, die sie verursacht hat, f\u00fcr ein bi\u00dfchen mehr Toleranz im gesellschaftlichen Miteinander zu werben.<\/p>\n<p>Ich habe Denise als &#8222;Betroffene&#8220; gebeten, einmal ihre Sicht auf die Dinge zu schildern:<img decoding=\"async\" loading=\"lazy\" class=\"size-medium wp-image-186 alignleft\" src=\"http:\/\/xn--von-der-muse-geksst-lbc.de\/wp-content\/uploads\/2016\/06\/Fotoshooting-Denise_cThori-222x300.jpg\" alt=\"Fotoshooting Denise_(c)Thori\" width=\"222\" height=\"300\" srcset=\"http:\/\/www.musenkuesse.com\/wp-content\/uploads\/2016\/06\/Fotoshooting-Denise_cThori-222x300.jpg 222w, http:\/\/www.musenkuesse.com\/wp-content\/uploads\/2016\/06\/Fotoshooting-Denise_cThori.jpg 370w\" sizes=\"(max-width: 222px) 100vw, 222px\" \/><\/p>\n<p><em>Angefangen hat alles bei einem unserer Shootings. Da Thori ein sehr aufgeschlossener Fotograf ist, der auch sehr viele interessante Ideen in seine Shootings einbaut, habe ich mich dem total &#8222;hingegeben&#8220;. Das Thema dieses Shootings war &#8222;Haushalts-Sklavin&#8220; oder besser gesagt &#8222;Ich als Aschenbr\u00f6del, das sich um den Haushalt k\u00fcmmern mu\u00df und deshalb an die Kette gelegt wird, um sich nicht vor der Arbeit zu verdr\u00fccken&#8220;. Um das authentisch r\u00fcber zu bringen, haben wir uns das mit dem Halsband \u00fcberlegt. Seither trage ich es bei jedem Shooting, als eine Art Wiedererkennungsmerkmal.<\/em><\/p>\n<p>\u00dcber ihre Erfahrungen mit dem Halsband schreibt Denise:<\/p>\n<p><em>Das erste Mal, als ich das Halsband um hatte, war es ungewohnt. Es war kalt, schwer und auf eine seltsame Weise einengend. Heute habe ich gar kein Problem mehr damit, das Halsband zu tragen. Es ist zwar immer noch kalt, wenn ich es angelegt bekomme, aber nach ein paar Minuten merke ich es gar nicht mehr. Au\u00dferdem bin ich viel mehr damit besch\u00e4ftigt, gut auszusehen als mir Gedanken \u00fcber das Halsband zu machen.<\/em><br \/>\n<em> Es war am Anfang auch ein seltsames Gef\u00fchl, wenn andere Menschen mich so gesehen haben, aber ich habe das Halsband mittlerweile zu einem Teil von mir w\u00e4hrend der Shootings erkl\u00e4rt. Da\u00df es Vermutungen geben w\u00fcrde, ich h\u00e4tte mich jemandem unterworfen und trage nur deshalb das Halsband, habe ich geahnt. Das war aber vorher auch mit Thori schon besprochen. So hat es mich nicht schockiert, als diese Vermutungen und auch Anschuldigungen an mich heran getragen wurden. <\/em><\/p>\n<p><em>Meine Familie und meine Freunde haben das auch alle total locker gesehen, weil sie wissen, dass ich ich bin und mich &#8222;nur&#8220; durch einen Halsring nicht verbiegen lassen w\u00fcrde.<\/em><br \/>\n<em> Es ist auch nichts Schlimmes mehr f\u00fcr mich, wenn ich f\u00fcr Aufnahmen mit einer Kette irgendwo festgebunden werde (z.B. an der Heizung o.\u00e4.), obwohl ich eher die Freiheit bevorzuge \ud83d\ude09<\/em><\/p>\n","protected":false},"excerpt":{"rendered":"<p>W\u00e4hrend eines Spielenachmittages im Freundeskreis machte Denise eine ironisch gemeinte \u00c4u\u00dferung (die privat und deshalb auch nicht f\u00fcr die \u00d6ffentlichkeit ist) \u00fcber ihren Stand in der Familie. Das brachte uns auf die Idee, genau diese \u00c4u\u00dferung einmal bildlich darzustellen. In Folge dessen bekam Denise beim n\u00e4chsten Shooting einen Edelstahl-Halsreif umgelegt und wurde damit irgendwo angekettet. Weil der Halsreif irgendwie auch [&hellip;]<\/p>\n","protected":false},"author":1,"featured_media":0,"parent":14,"menu_order":0,"comment_status":"open","ping_status":"closed","template":"","meta":[],"_links":{"self":[{"href":"http:\/\/www.musenkuesse.com\/index.php?rest_route=\/wp\/v2\/pages\/185"}],"collection":[{"href":"http:\/\/www.musenkuesse.com\/index.php?rest_route=\/wp\/v2\/pages"}],"about":[{"href":"http:\/\/www.musenkuesse.com\/index.php?rest_route=\/wp\/v2\/types\/page"}],"author":[{"embeddable":true,"href":"http:\/\/www.musenkuesse.com\/index.php?rest_route=\/wp\/v2\/users\/1"}],"replies":[{"embeddable":true,"href":"http:\/\/www.musenkuesse.com\/index.php?rest_route=%2Fwp%2Fv2%2Fcomments&post=185"}],"version-history":[{"count":2,"href":"http:\/\/www.musenkuesse.com\/index.php?rest_route=\/wp\/v2\/pages\/185\/revisions"}],"predecessor-version":[{"id":191,"href":"http:\/\/www.musenkuesse.com\/index.php?rest_route=\/wp\/v2\/pages\/185\/revisions\/191"}],"up":[{"embeddable":true,"href":"http:\/\/www.musenkuesse.com\/index.php?rest_route=\/wp\/v2\/pages\/14"}],"wp:attachment":[{"href":"http:\/\/www.musenkuesse.com\/index.php?rest_route=%2Fwp%2Fv2%2Fmedia&parent=185"}],"curies":[{"name":"wp","href":"https:\/\/api.w.org\/{rel}","templated":true}]}}