{"id":117,"date":"2016-06-20T13:02:50","date_gmt":"2016-06-20T13:02:50","guid":{"rendered":"http:\/\/xn--von-der-muse-geksst-lbc.de\/?page_id=117"},"modified":"2016-06-21T14:33:42","modified_gmt":"2016-06-21T14:33:42","slug":"ueber-diese-seite","status":"publish","type":"page","link":"http:\/\/www.musenkuesse.com\/?page_id=117","title":{"rendered":"\u00dcber diese Seite"},"content":{"rendered":"<p>Der Begriff Muse stammt aus der griechischen Mythologie:\u00a0 Musen sind die neun T\u00f6chter von Zeus (griechischer Vatergott) und Mnemosyne, der G\u00f6ttin der Erinnerung, und waren Apoll, dem Gott der sch\u00f6nen K\u00fcnste zugetan.<\/p>\n<p>Die alten Griechen gingen davon aus, da\u00df nur der kreativ sein konnte, der zuvor von einer Muse gek\u00fc\u00dft wurde. Daher stammt auch die heute noch gebr\u00e4uchliche Redewendung:\u00a0 &#8222;Von der Muse gek\u00fc\u00dft&#8220;.<\/p>\n<p>K\u00fcnstler holen sich ihre Inspiration durch den Charakter, die Ausstrahlung, die menschliche Zuneigung ihrer Musen, manchmal auch durch eine erotische Beziehung.<\/p>\n<p>Ber\u00fchmte Musen der Neuzeit sind u.a. Disco-Queen Amanda Lear (Muse von Salvador Dali), Jeanne-Claude (Muse von Christo, bekannt durch seine spektakul\u00e4ren Verh\u00fcllungen z.T. ganzer Landschaften), Charlotte von Stein (inspirierte Goethe und Schiller) oder Schauspielerin Victoria Abril (Muse von Regisseur Pedro Almod\u00f2var).<\/p>\n<p>Nun will ich mich nicht mit Goethe oder Dali vergleichen (warum eigentlich nicht?), aber hin und wieder bin auch ich kreativ bzw. bescheinigt man mir eine gewisse Kreativi\u00e4t, obwohl ich nur das mache, was ich am besten kann: mit offenen Augen und Ohren durchs Leben gehen und die kleinen und sch\u00f6nen Momente festhalten, sei es in Worten oder Bildern.<\/p>\n<p>Aber manchmal ben\u00f6tige auch ich Inspiration. Was liegt also n\u00e4her, als sich f\u00fcr solche Zwecke eine Muse zu suchen? Mein Notizblock ist inzwischen auch Dank meiner &#8222;Musen&#8220; gut gef\u00fcllt mit Ideen, die darauf warten, umgesetzt zu werden. Eine kleine Auswahl davon in Form von Fotos finden Sie hier auf dieser Webseite. Und nat\u00fcrlich stelle ich Ihnen auch meine Musen vor&#8230;<\/p>\n<p>In diesem Sinne &#8211; lassen auch Sie sich inspirieren!<\/p>\n<p>Ihr\/Euer Thori<\/p>\n<p><em>Kleiner Hinweis in eigener Sache: F\u00fcr Aufnahmen, die vor Erreichen der Vollj\u00e4hrigkeit des jeweiligen Modells entstanden sind, liegt eine schriftliche Einverst\u00e4ndniserkl\u00e4rung der jeweiligen Erziehungsberechtigten vor.<\/em><\/p>\n","protected":false},"excerpt":{"rendered":"<p>Der Begriff Muse stammt aus der griechischen Mythologie:\u00a0 Musen sind die neun T\u00f6chter von Zeus (griechischer Vatergott) und Mnemosyne, der G\u00f6ttin der Erinnerung, und waren Apoll, dem Gott der sch\u00f6nen K\u00fcnste zugetan. Die alten Griechen gingen davon aus, da\u00df nur der kreativ sein konnte, der zuvor von einer Muse gek\u00fc\u00dft wurde. Daher stammt auch die heute noch gebr\u00e4uchliche Redewendung:\u00a0 &#8222;Von [&hellip;]<\/p>\n","protected":false},"author":1,"featured_media":0,"parent":0,"menu_order":0,"comment_status":"closed","ping_status":"closed","template":"","meta":[],"_links":{"self":[{"href":"http:\/\/www.musenkuesse.com\/index.php?rest_route=\/wp\/v2\/pages\/117"}],"collection":[{"href":"http:\/\/www.musenkuesse.com\/index.php?rest_route=\/wp\/v2\/pages"}],"about":[{"href":"http:\/\/www.musenkuesse.com\/index.php?rest_route=\/wp\/v2\/types\/page"}],"author":[{"embeddable":true,"href":"http:\/\/www.musenkuesse.com\/index.php?rest_route=\/wp\/v2\/users\/1"}],"replies":[{"embeddable":true,"href":"http:\/\/www.musenkuesse.com\/index.php?rest_route=%2Fwp%2Fv2%2Fcomments&post=117"}],"version-history":[{"count":6,"href":"http:\/\/www.musenkuesse.com\/index.php?rest_route=\/wp\/v2\/pages\/117\/revisions"}],"predecessor-version":[{"id":123,"href":"http:\/\/www.musenkuesse.com\/index.php?rest_route=\/wp\/v2\/pages\/117\/revisions\/123"}],"wp:attachment":[{"href":"http:\/\/www.musenkuesse.com\/index.php?rest_route=%2Fwp%2Fv2%2Fmedia&parent=117"}],"curies":[{"name":"wp","href":"https:\/\/api.w.org\/{rel}","templated":true}]}}